{"id":33,"date":"2025-01-14T14:38:13","date_gmt":"2025-01-14T14:38:13","guid":{"rendered":"https:\/\/oeb-vandvaerk.dk\/index.php\/colibri-wp\/"},"modified":"2025-12-22T08:18:46","modified_gmt":"2025-12-22T08:18:46","slug":"colibri-wp","status":"publish","type":"page","link":"https:\/\/oeb-vandvaerk.dk\/","title":{"rendered":"Front Page"},"content":{"rendered":"<div data-colibri-id=\"33-c1\" class=\"style-191 style-local-33-c1 position-relative\">\n  <!---->\n  <div data-colibri-component=\"section\" data-colibri-id=\"33-c2\" id=\"custom\" class=\"h-section h-section-global-spacing d-flex align-items-lg-center align-items-md-center align-items-center style-405 style-local-33-c2 position-relative\">\n    <!---->\n    <!---->\n    <div class=\"h-section-grid-container h-section-boxed-container\">\n      <!---->\n      <div data-colibri-id=\"33-c3\" class=\"h-row-container gutters-row-lg-2 gutters-row-md-2 gutters-row-0 gutters-row-v-lg-2 gutters-row-v-md-2 gutters-row-v-2 style-406 style-local-33-c3 position-relative\">\n        <!---->\n        <div class=\"h-row justify-content-lg-center justify-content-md-center justify-content-center align-items-lg-stretch align-items-md-stretch align-items-stretch gutters-col-lg-2 gutters-col-md-2 gutters-col-0 gutters-col-v-lg-2 gutters-col-v-md-2 gutters-col-v-2\">\n          <!---->\n          <div class=\"h-column h-column-container d-flex h-col-lg-auto h-col-md-auto h-col-auto style-407-outer style-local-33-c4-outer\">\n            <div data-colibri-id=\"33-c4\" class=\"d-flex h-flex-basis h-column__inner h-px-lg-2 h-px-md-2 h-px-2 v-inner-lg-2 v-inner-md-2 v-inner-2 style-407 style-local-33-c4 position-relative\">\n              <!---->\n              <!---->\n              <div class=\"w-100 h-y-container h-column__content h-column__v-align flex-basis-100 align-self-lg-start align-self-md-start align-self-start\">\n                <!---->\n                <div data-colibri-id=\"33-c5\" class=\"h-global-transition-all h-heading style-409 style-local-33-c5 position-relative h-element\">\n                  <!---->\n                  <div class=\"h-heading__outer style-409 style-local-33-c5\">\n                    <!---->\n                    <!---->\n                    <h3 class=\"\">KONTAKT<\/h3>\n                  <\/div>\n                <\/div>\n                <div data-colibri-id=\"33-c6\" class=\"h-divider style-411 style-local-33-c6 position-relative h-element\">\n                  <!----><span class=\"h-divider__line style-411-line style-local-33-c6-line style-411-line style-local-33-c6-line\"><\/span><\/div>\n                <div data-colibri-id=\"33-c7\" class=\"h-text h-text-component style-412 style-local-33-c7 position-relative h-element\">\n                  <!---->\n                  <!---->\n                  <div class=\"\">\n                    <p>Ved brud, fejl, eller andre driftsm\u00e6ssige uops\u00e6ttelige h\u00e6ndelser:\n                      <br>Jerslev Vand &amp; Varmeservice, ved aut. vvs installat\u00f8r Carsten Jensen mobil: 20 20 81 72\n                      <br>eller mail: carsten@jerslevvandogvarmeservice.dk<\/p>\n                    <p>\n                      <br>\n                    <\/p>\n                    <p>Alt vedr\u00f8rende administration, forbrug, og \u00f8konomi bedes i kontakte<\/p>\n                    <p>Beierholm Holstebro p\u00e5:\n                      <a href=\"https:\/\/oeb-vandvaerk.dk\/vand.service@beierholm.dk\">vand.service@beierholm.dk<\/a>\n                    <\/p>\n                    <p>Eller via telefon: <\/p>\n                    <p>Trine Schj\u00e6r Thomsen direkte: 96 13 62 20<\/p>\n                    <p>Eller Beierholm Holstebro: 97 41 22 11<\/p>\n                    <p>\n                      <br>\n                    <\/p>\n                    <p>Andre henvendelse bedes rettes til:<\/p>\n                    <p>Formand, Andreas Piil, mobil 30 45 10 94 (prim\u00e6rt om aftenen)<\/p>\n                    <p>eller mail: formand@oeb-vandvaerk.dk<\/p>\n                  <\/div>\n                <\/div>\n                <div data-colibri-id=\"33-c8\" class=\"style-414 style-local-33-c8 position-relative h-element\">\n                  <!---->\n                <\/div>\n                <div data-colibri-id=\"33-c9\" class=\"h-global-transition-all h-heading style-413 style-local-33-c9 position-relative h-element\">\n                  <!---->\n                  <div class=\"h-heading__outer style-413 style-local-33-c9\">\n                    <!---->\n                    <!---->\n                    <h3 class=\"\">TILF\u00d8J ELLER SLET EMAIL ADRESSE<\/h3>\n                  <\/div>\n                <\/div>\n                <div data-colibri-id=\"33-c10\" class=\"h-divider style-411 style-local-33-c10 position-relative h-element\">\n                  <!----><span class=\"h-divider__line style-411-line style-local-33-c10-line style-411-line style-local-33-c10-line\"><\/span><\/div>\n                <div data-colibri-id=\"33-c11\" class=\"h-text h-text-component style-415 style-local-33-c11 position-relative h-element\">\n                  <!---->\n                  <!---->\n                  <div class=\"\">\n                    <p>Her kan du som forbruger ved \u00d8ster Br\u00f8nderslev Vandv\u00e6rk selv tilf\u00f8je eller slette din mail adresse til\/i vores arkiver.<\/p>\n                    <p>\n                      <br>\n                    <\/p>\n                    <p>Fordelen ved at v\u00e6re registreret i vores arkiver med en mail adresse. Er at du vil modtage de varsler, som Vandv\u00e6rket sender ud, ved bl.a. planlagt vandafbrydelser samt ledningsarbejde.<\/p>\n                    <p>\n                      <br>\n                    <\/p>\n                    <p>Tryk p\u00e5 knappen for at komme til siden<\/p>\n                  <\/div>\n                <\/div>\n                <div data-colibri-id=\"33-c12\" class=\"h-x-container style-416 style-local-33-c12 position-relative h-element\">\n                  <!---->\n                  <div class=\"h-x-container-inner style-dynamic-33-c12-group style-416-spacing style-local-33-c12-spacing\"><span class=\"h-button__outer style-417-outer style-local-33-c13-outer d-inline-flex h-element\"><a h-use-smooth-scroll=\"true\" href=\"https:\/\/selvbetjening.vandnet.dk\/mailsubscription.aspx?forsyningid=126\"  data-colibri-id=\"33-c13\" class=\"d-flex w-100 align-items-center h-button justify-content-lg-center justify-content-md-center justify-content-center style-417 style-local-33-c13 position-relative\"><!----><!----> <span>&gt;&gt;&gt; Tryk her &lt;&lt;&lt;<\/span><\/a>\n                    <\/span>\n                  <\/div>\n                <\/div>\n              <\/div>\n            <\/div>\n          <\/div>\n          <div class=\"h-column h-column-container d-flex h-col-lg-auto h-col-md-auto h-col-auto style-408-outer style-local-33-c14-outer\">\n            <div data-colibri-id=\"33-c14\" class=\"d-flex h-flex-basis h-column__inner h-px-lg-2 h-px-md-2 h-px-2 v-inner-lg-2 v-inner-md-2 v-inner-2 style-408 style-local-33-c14 position-relative\">\n              <!---->\n              <!---->\n              <div class=\"w-100 h-y-container h-column__content h-column__v-align flex-basis-100 align-self-lg-start align-self-md-start align-self-start\">\n                <!---->\n                <div data-colibri-id=\"33-c15\" class=\"h-global-transition-all h-heading style-418 style-local-33-c15 position-relative h-element\">\n                  <!---->\n                  <div class=\"h-heading__outer style-418 style-local-33-c15\">\n                    <!---->\n                    <!---->\n                    <h3 class=\"\">SENESTE NYT<\/h3>\n                  <\/div>\n                <\/div>\n                <div data-colibri-id=\"33-c16\" class=\"h-divider style-411 style-local-33-c16 position-relative h-element\">\n                  <!----><span class=\"h-divider__line style-411-line style-local-33-c16-line style-411-line style-local-33-c16-line\"><\/span><\/div>\n                <div data-colibri-id=\"33-c17\" class=\"h-row-container gutters-row-lg-1 gutters-row-md-1 gutters-row-0 gutters-row-v-lg-1 gutters-row-v-md-1 gutters-row-v-1 colibri-dynamic-list style-419 style-local-33-c17 position-relative\">\n                  <!---->\n                  <div data-colibri-component=\"masonry\" class=\"h-row justify-content-lg-start justify-content-md-start justify-content-start align-items-lg-stretch align-items-md-stretch align-items-stretch gutters-col-lg-1 gutters-col-md-1 gutters-col-0 gutters-col-v-lg-1 gutters-col-v-md-1 gutters-col-v-1 style-419-row style-local-33-c17-row\">\n                    <!---->\n        <div class=\"h-column h-column-container d-flex h-col-lg-12 h-col-md-6 h-col-12 post-922 post type-post status-publish format-standard hentry category-uncategorized masonry-item style-420-outer style-local-33-c18-outer\"><div data-colibri-id=\"33-c18\" class=\"d-flex h-flex-basis h-column__inner h-px-lg-2 h-px-md-2 h-px-2 v-inner-lg-2 v-inner-md-2 v-inner-2 style-420 style-local-33-c18 position-relative\"> <div class=\"w-100 h-y-container h-column__content h-column__v-align flex-basis-100 align-self-lg-start align-self-md-start align-self-start\"> <div data-href=\"https:\/\/oeb-vandvaerk.dk\/index.php\/2026\/03\/27\/oester-broenderslev-vandvaerk-amba\/\" data-colibri-component=\"link\" data-colibri-id=\"33-c19\" class=\"colibri-post-thumbnail colibri-post-has-no-thumbnail style-421 style-local-33-c19 h-overflow-hidden position-relative h-element\"><div class=\"h-global-transition-all colibri-post-thumbnail-shortcode style-dynamic-33-c19-height\"><\/div> <div class=\"colibri-post-thumbnail-content align-items-lg-center align-items-md-center align-items-center flex-basis-100\"><div class=\"w-100 h-y-container\"> <\/div><\/div><\/div><div data-colibri-id=\"33-c20\" class=\"h-row-container gutters-row-lg-2 gutters-row-md-2 gutters-row-2 gutters-row-v-lg-2 gutters-row-v-md-2 gutters-row-v-2 style-422 style-local-33-c20 position-relative\"><div class=\"h-row justify-content-lg-center justify-content-md-center justify-content-center align-items-lg-stretch align-items-md-stretch align-items-stretch gutters-col-lg-2 gutters-col-md-2 gutters-col-2 gutters-col-v-lg-2 gutters-col-v-md-2 gutters-col-v-2\"> <div class=\"h-column h-column-container d-flex h-col-lg h-col-md h-col-auto style-423-outer style-local-33-c21-outer\"><div data-colibri-id=\"33-c21\" class=\"d-flex h-flex-basis h-column__inner h-px-lg-2 h-px-md-2 h-px-2 v-inner-lg-2 v-inner-md-2 v-inner-2 style-423 style-local-33-c21 position-relative\"> <div class=\"w-100 h-y-container h-column__content h-column__v-align flex-basis-100 align-self-lg-start align-self-md-start align-self-start\"> <div data-colibri-id=\"33-c22\" class=\"h-blog-title style-425 style-local-33-c22 position-relative h-element\"><div class=\"h-global-transition-all\"><a href=\"https:\/\/oeb-vandvaerk.dk\/index.php\/2026\/03\/27\/oester-broenderslev-vandvaerk-amba\/\"><h3 class=\"colibri-word-wrap\">\u00d8ster Br\u00f8nderslev Vandv\u00e6rk amba<\/h3><\/a><\/div><\/div><div data-colibri-id=\"33-c23\" class=\"style-426 style-local-33-c23 position-relative h-element\"><div class=\"h-global-transition-all\"><div class=\"colibri-post-excerpt\">Afholder ordin\u00e6r generalforsamling i Samlingshuset \u00d8ster Br\u00f8nderslev onsdag den 15. april kl. 19.30 Dagsorden: Indkommende forslag skal sendes til vandv\u00e6rket senest 7. april. til formand@oeb-vandvaerk.dk Efter generalforsamlingen serveres snitter, \u00f8l og vand. Med venlig hilsen Bestyrelse.<\/div><\/div><\/div><\/div><\/div><\/div><\/div><\/div><div data-colibri-id=\"33-c24\" class=\"h-row-container gutters-row-lg-2 gutters-row-md-2 gutters-row-2 gutters-row-v-lg-2 gutters-row-v-md-2 gutters-row-v-2 style-427 style-local-33-c24 position-relative\"><div class=\"h-row justify-content-lg-center justify-content-md-center justify-content-center align-items-lg-stretch align-items-md-stretch align-items-stretch gutters-col-lg-2 gutters-col-md-2 gutters-col-2 gutters-col-v-lg-2 gutters-col-v-md-2 gutters-col-v-2\"> <div class=\"h-column h-column-container d-flex h-col-lg h-col-md h-col style-428-outer style-local-33-c25-outer\"><div data-colibri-id=\"33-c25\" class=\"d-flex h-flex-basis h-column__inner h-px-lg-2 h-px-md-2 h-px-2 v-inner-lg-0 v-inner-md-0 v-inner-0 style-428 style-local-33-c25 position-relative\"> <div class=\"w-100 h-y-container h-column__content h-column__v-align flex-basis-100 align-self-lg-center align-self-md-center align-self-center\"> <div data-colibri-id=\"33-c26\" class=\"h-blog-meta style-429 style-local-33-c26 position-relative h-element\"><div class=\"metadata-item\"> <a href=\"https:\/\/oeb-vandvaerk.dk\/index.php\/2026\/03\/27\/\">marts 27, 2026<\/a><\/div><\/div><\/div><\/div><\/div><div class=\"h-column h-column-container d-flex h-col-lg-auto h-col-md-auto h-col-auto style-430-outer style-local-33-c27-outer\"><div data-colibri-id=\"33-c27\" class=\"d-flex h-flex-basis h-column__inner h-px-lg-2 h-px-md-2 h-px-2 v-inner-lg-0 v-inner-md-0 v-inner-0 style-430 style-local-33-c27 position-relative\"> <div class=\"w-100 h-y-container h-column__content h-column__v-align flex-basis-auto align-self-lg-center align-self-md-center align-self-center\"> <div data-colibri-id=\"33-c28\" class=\"h-x-container style-431 style-local-33-c28 position-relative h-element\"><div class=\"h-x-container-inner style-dynamic-33-c28-group\"><span class=\"h-button__outer style-432-outer style-local-33-c29-outer d-inline-flex h-element\"><a href=\"https:\/\/oeb-vandvaerk.dk\/index.php\/2026\/03\/27\/oester-broenderslev-vandvaerk-amba\/\" data-colibri-id=\"33-c29\" class=\"d-flex w-100 align-items-center h-button justify-content-lg-center justify-content-md-center justify-content-center style-432 style-local-33-c29 position-relative\"> <span>L\u00e6s mere<\/span> <span class=\"h-svg-icon h-button__icon style-432-icon style-local-33-c29-icon\"><svg version=\"1.1\" xmlns=\"http:\/\/www.w3.org\/2000\/svg\" xmlns:xlink=\"http:\/\/www.w3.org\/1999\/xlink\" id=\"arrow-right\" viewBox=\"0 0 512 545.5\"><path d=\"M299.5 140.5l136 136 11 11.5-11 11.5-136 136-23-23L385 304H64v-32h321L276.5 163.5z\"><\/path><\/svg><\/span><\/a><\/span><\/div><\/div><\/div><\/div><\/div><\/div><\/div><\/div><\/div><\/div>\n      \n      \n        <div class=\"h-column h-column-container d-flex h-col-lg-12 h-col-md-6 h-col-12 post-882 post type-post status-publish format-standard hentry category-uncategorized masonry-item style-420-outer style-local-33-c18-outer\"><div data-colibri-id=\"33-c18\" class=\"d-flex h-flex-basis h-column__inner h-px-lg-2 h-px-md-2 h-px-2 v-inner-lg-2 v-inner-md-2 v-inner-2 style-420 style-local-33-c18 position-relative\"> <div class=\"w-100 h-y-container h-column__content h-column__v-align flex-basis-100 align-self-lg-start align-self-md-start align-self-start\"> <div data-href=\"https:\/\/oeb-vandvaerk.dk\/index.php\/2025\/12\/17\/nyhed-om-regulativ-2\/\" data-colibri-component=\"link\" data-colibri-id=\"33-c19\" class=\"colibri-post-thumbnail colibri-post-has-no-thumbnail style-421 style-local-33-c19 h-overflow-hidden position-relative h-element\"><div class=\"h-global-transition-all colibri-post-thumbnail-shortcode style-dynamic-33-c19-height\"><\/div> <div class=\"colibri-post-thumbnail-content align-items-lg-center align-items-md-center align-items-center flex-basis-100\"><div class=\"w-100 h-y-container\"> <\/div><\/div><\/div><div data-colibri-id=\"33-c20\" class=\"h-row-container gutters-row-lg-2 gutters-row-md-2 gutters-row-2 gutters-row-v-lg-2 gutters-row-v-md-2 gutters-row-v-2 style-422 style-local-33-c20 position-relative\"><div class=\"h-row justify-content-lg-center justify-content-md-center justify-content-center align-items-lg-stretch align-items-md-stretch align-items-stretch gutters-col-lg-2 gutters-col-md-2 gutters-col-2 gutters-col-v-lg-2 gutters-col-v-md-2 gutters-col-v-2\"> <div class=\"h-column h-column-container d-flex h-col-lg h-col-md h-col-auto style-423-outer style-local-33-c21-outer\"><div data-colibri-id=\"33-c21\" class=\"d-flex h-flex-basis h-column__inner h-px-lg-2 h-px-md-2 h-px-2 v-inner-lg-2 v-inner-md-2 v-inner-2 style-423 style-local-33-c21 position-relative\"> <div class=\"w-100 h-y-container h-column__content h-column__v-align flex-basis-100 align-self-lg-start align-self-md-start align-self-start\"> <div data-colibri-id=\"33-c22\" class=\"h-blog-title style-425 style-local-33-c22 position-relative h-element\"><div class=\"h-global-transition-all\"><a href=\"https:\/\/oeb-vandvaerk.dk\/index.php\/2025\/12\/17\/nyhed-om-regulativ-2\/\"><h3 class=\"colibri-word-wrap\">Nyhed om Regulativ<\/h3><\/a><\/div><\/div><div data-colibri-id=\"33-c23\" class=\"style-426 style-local-33-c23 position-relative h-element\"><div class=\"h-global-transition-all\"><div class=\"colibri-post-excerpt\">Til forbrugerne p\u00e5 \u00d8. Br\u00f8nderslev vandv\u00e6rk. Br\u00f8nderslev kommune har nu godkendt vores nye regulativ. Der har v\u00e6ret en del mindre rettelser, men i store tr\u00e6k er teksten den samme. Det nye regulativ vil tr\u00e6de i kraft d. 15. marts. 2026. L\u00e6s Regulativ<\/div><\/div><\/div><\/div><\/div><\/div><\/div><\/div><div data-colibri-id=\"33-c24\" class=\"h-row-container gutters-row-lg-2 gutters-row-md-2 gutters-row-2 gutters-row-v-lg-2 gutters-row-v-md-2 gutters-row-v-2 style-427 style-local-33-c24 position-relative\"><div class=\"h-row justify-content-lg-center justify-content-md-center justify-content-center align-items-lg-stretch align-items-md-stretch align-items-stretch gutters-col-lg-2 gutters-col-md-2 gutters-col-2 gutters-col-v-lg-2 gutters-col-v-md-2 gutters-col-v-2\"> <div class=\"h-column h-column-container d-flex h-col-lg h-col-md h-col style-428-outer style-local-33-c25-outer\"><div data-colibri-id=\"33-c25\" class=\"d-flex h-flex-basis h-column__inner h-px-lg-2 h-px-md-2 h-px-2 v-inner-lg-0 v-inner-md-0 v-inner-0 style-428 style-local-33-c25 position-relative\"> <div class=\"w-100 h-y-container h-column__content h-column__v-align flex-basis-100 align-self-lg-center align-self-md-center align-self-center\"> <div data-colibri-id=\"33-c26\" class=\"h-blog-meta style-429 style-local-33-c26 position-relative h-element\"><div class=\"metadata-item\"> <a href=\"https:\/\/oeb-vandvaerk.dk\/index.php\/2025\/12\/17\/\">december 17, 2025<\/a><\/div><\/div><\/div><\/div><\/div><div class=\"h-column h-column-container d-flex h-col-lg-auto h-col-md-auto h-col-auto style-430-outer style-local-33-c27-outer\"><div data-colibri-id=\"33-c27\" class=\"d-flex h-flex-basis h-column__inner h-px-lg-2 h-px-md-2 h-px-2 v-inner-lg-0 v-inner-md-0 v-inner-0 style-430 style-local-33-c27 position-relative\"> <div class=\"w-100 h-y-container h-column__content h-column__v-align flex-basis-auto align-self-lg-center align-self-md-center align-self-center\"> <div data-colibri-id=\"33-c28\" class=\"h-x-container style-431 style-local-33-c28 position-relative h-element\"><div class=\"h-x-container-inner style-dynamic-33-c28-group\"><span class=\"h-button__outer style-432-outer style-local-33-c29-outer d-inline-flex h-element\"><a href=\"https:\/\/oeb-vandvaerk.dk\/index.php\/2025\/12\/17\/nyhed-om-regulativ-2\/\" data-colibri-id=\"33-c29\" class=\"d-flex w-100 align-items-center h-button justify-content-lg-center justify-content-md-center justify-content-center style-432 style-local-33-c29 position-relative\"> <span>L\u00e6s mere<\/span> <span class=\"h-svg-icon h-button__icon style-432-icon style-local-33-c29-icon\"><svg version=\"1.1\" xmlns=\"http:\/\/www.w3.org\/2000\/svg\" xmlns:xlink=\"http:\/\/www.w3.org\/1999\/xlink\" id=\"arrow-right\" viewBox=\"0 0 512 545.5\"><path d=\"M299.5 140.5l136 136 11 11.5-11 11.5-136 136-23-23L385 304H64v-32h321L276.5 163.5z\"><\/path><\/svg><\/span><\/a><\/span><\/div><\/div><\/div><\/div><\/div><\/div><\/div><\/div><\/div><\/div>\n      \n      \n        <div class=\"h-column h-column-container d-flex h-col-lg-12 h-col-md-6 h-col-12 post-859 post type-post status-publish format-standard hentry category-uncategorized masonry-item style-420-outer style-local-33-c18-outer\"><div data-colibri-id=\"33-c18\" class=\"d-flex h-flex-basis h-column__inner h-px-lg-2 h-px-md-2 h-px-2 v-inner-lg-2 v-inner-md-2 v-inner-2 style-420 style-local-33-c18 position-relative\"> <div class=\"w-100 h-y-container h-column__content h-column__v-align flex-basis-100 align-self-lg-start align-self-md-start align-self-start\"> <div data-href=\"https:\/\/oeb-vandvaerk.dk\/index.php\/2025\/11\/21\/nyhed-om-regulativ\/\" data-colibri-component=\"link\" data-colibri-id=\"33-c19\" class=\"colibri-post-thumbnail colibri-post-has-no-thumbnail style-421 style-local-33-c19 h-overflow-hidden position-relative h-element\"><div class=\"h-global-transition-all colibri-post-thumbnail-shortcode style-dynamic-33-c19-height\"><\/div> <div class=\"colibri-post-thumbnail-content align-items-lg-center align-items-md-center align-items-center flex-basis-100\"><div class=\"w-100 h-y-container\"> <\/div><\/div><\/div><div data-colibri-id=\"33-c20\" class=\"h-row-container gutters-row-lg-2 gutters-row-md-2 gutters-row-2 gutters-row-v-lg-2 gutters-row-v-md-2 gutters-row-v-2 style-422 style-local-33-c20 position-relative\"><div class=\"h-row justify-content-lg-center justify-content-md-center justify-content-center align-items-lg-stretch align-items-md-stretch align-items-stretch gutters-col-lg-2 gutters-col-md-2 gutters-col-2 gutters-col-v-lg-2 gutters-col-v-md-2 gutters-col-v-2\"> <div class=\"h-column h-column-container d-flex h-col-lg h-col-md h-col-auto style-423-outer style-local-33-c21-outer\"><div data-colibri-id=\"33-c21\" class=\"d-flex h-flex-basis h-column__inner h-px-lg-2 h-px-md-2 h-px-2 v-inner-lg-2 v-inner-md-2 v-inner-2 style-423 style-local-33-c21 position-relative\"> <div class=\"w-100 h-y-container h-column__content h-column__v-align flex-basis-100 align-self-lg-start align-self-md-start align-self-start\"> <div data-colibri-id=\"33-c22\" class=\"h-blog-title style-425 style-local-33-c22 position-relative h-element\"><div class=\"h-global-transition-all\"><a href=\"https:\/\/oeb-vandvaerk.dk\/index.php\/2025\/11\/21\/nyhed-om-regulativ\/\"><h3 class=\"colibri-word-wrap\">Nyhed om Regulativ<\/h3><\/a><\/div><\/div><div data-colibri-id=\"33-c23\" class=\"style-426 style-local-33-c23 position-relative h-element\"><div class=\"h-global-transition-all\"><div class=\"colibri-post-excerpt\">Til forbrugerne p\u00e5 \u00d8ster Br\u00f8nderslev Vandv\u00e6rk Efter anbefaling fra vores brancheorganisation har vi i Vandv\u00e6rkets bestyrelse besluttet at indf\u00f8re nyt regulativ for levering af vand. Det nye regulativ ligger til godkendelse ved Br\u00f8nderslev kommune og vil tr\u00e6de i kraft f\u00f8rst i det nye \u00e5r, hvis det [&hellip;]<\/div><\/div><\/div><\/div><\/div><\/div><\/div><\/div><div data-colibri-id=\"33-c24\" class=\"h-row-container gutters-row-lg-2 gutters-row-md-2 gutters-row-2 gutters-row-v-lg-2 gutters-row-v-md-2 gutters-row-v-2 style-427 style-local-33-c24 position-relative\"><div class=\"h-row justify-content-lg-center justify-content-md-center justify-content-center align-items-lg-stretch align-items-md-stretch align-items-stretch gutters-col-lg-2 gutters-col-md-2 gutters-col-2 gutters-col-v-lg-2 gutters-col-v-md-2 gutters-col-v-2\"> <div class=\"h-column h-column-container d-flex h-col-lg h-col-md h-col style-428-outer style-local-33-c25-outer\"><div data-colibri-id=\"33-c25\" class=\"d-flex h-flex-basis h-column__inner h-px-lg-2 h-px-md-2 h-px-2 v-inner-lg-0 v-inner-md-0 v-inner-0 style-428 style-local-33-c25 position-relative\"> <div class=\"w-100 h-y-container h-column__content h-column__v-align flex-basis-100 align-self-lg-center align-self-md-center align-self-center\"> <div data-colibri-id=\"33-c26\" class=\"h-blog-meta style-429 style-local-33-c26 position-relative h-element\"><div class=\"metadata-item\"> <a href=\"https:\/\/oeb-vandvaerk.dk\/index.php\/2025\/11\/21\/\">november 21, 2025<\/a><\/div><\/div><\/div><\/div><\/div><div class=\"h-column h-column-container d-flex h-col-lg-auto h-col-md-auto h-col-auto style-430-outer style-local-33-c27-outer\"><div data-colibri-id=\"33-c27\" class=\"d-flex h-flex-basis h-column__inner h-px-lg-2 h-px-md-2 h-px-2 v-inner-lg-0 v-inner-md-0 v-inner-0 style-430 style-local-33-c27 position-relative\"> <div class=\"w-100 h-y-container h-column__content h-column__v-align flex-basis-auto align-self-lg-center align-self-md-center align-self-center\"> <div data-colibri-id=\"33-c28\" class=\"h-x-container style-431 style-local-33-c28 position-relative h-element\"><div class=\"h-x-container-inner style-dynamic-33-c28-group\"><span class=\"h-button__outer style-432-outer style-local-33-c29-outer d-inline-flex h-element\"><a href=\"https:\/\/oeb-vandvaerk.dk\/index.php\/2025\/11\/21\/nyhed-om-regulativ\/\" data-colibri-id=\"33-c29\" class=\"d-flex w-100 align-items-center h-button justify-content-lg-center justify-content-md-center justify-content-center style-432 style-local-33-c29 position-relative\"> <span>L\u00e6s mere<\/span> <span class=\"h-svg-icon h-button__icon style-432-icon style-local-33-c29-icon\"><svg version=\"1.1\" xmlns=\"http:\/\/www.w3.org\/2000\/svg\" xmlns:xlink=\"http:\/\/www.w3.org\/1999\/xlink\" id=\"arrow-right\" viewBox=\"0 0 512 545.5\"><path d=\"M299.5 140.5l136 136 11 11.5-11 11.5-136 136-23-23L385 304H64v-32h321L276.5 163.5z\"><\/path><\/svg><\/span><\/a><\/span><\/div><\/div><\/div><\/div><\/div><\/div><\/div><\/div><\/div><\/div>\n      \n      \n                    <\/div>\n                <\/div>\n              <\/div>\n            <\/div>\n          <\/div>\n        <\/div>\n      <\/div>\n    <\/div>\n  <\/div>\n<\/div>","protected":false},"excerpt":{"rendered":"<p>KONTAKT Ved brud, fejl, eller andre driftsm\u00e6ssige uops\u00e6ttelige h\u00e6ndelser: Jerslev Vand &amp; Varmeservice, ved aut. vvs installat\u00f8r Carsten Jensen mobil: 20 20 81 72 eller mail: carsten@jerslevvandogvarmeservice.dk Alt vedr\u00f8rende administration, forbrug, og \u00f8konomi bedes i kontakte Beierholm Holstebro p\u00e5: vand.service@beierholm.dk Eller via telefon: Trine Schj\u00e6r Thomsen [&hellip;]<\/p>\n","protected":false},"author":1,"featured_media":0,"parent":0,"menu_order":0,"comment_status":"closed","ping_status":"closed","template":"page-templates\/homepage.php","meta":{"footnotes":""},"class_list":["post-33","page","type-page","status-publish","hentry"],"_links":{"self":[{"href":"https:\/\/oeb-vandvaerk.dk\/index.php\/wp-json\/wp\/v2\/pages\/33","targetHints":{"allow":["GET"]}}],"collection":[{"href":"https:\/\/oeb-vandvaerk.dk\/index.php\/wp-json\/wp\/v2\/pages"}],"about":[{"href":"https:\/\/oeb-vandvaerk.dk\/index.php\/wp-json\/wp\/v2\/types\/page"}],"author":[{"embeddable":true,"href":"https:\/\/oeb-vandvaerk.dk\/index.php\/wp-json\/wp\/v2\/users\/1"}],"replies":[{"embeddable":true,"href":"https:\/\/oeb-vandvaerk.dk\/index.php\/wp-json\/wp\/v2\/comments?post=33"}],"version-history":[{"count":20,"href":"https:\/\/oeb-vandvaerk.dk\/index.php\/wp-json\/wp\/v2\/pages\/33\/revisions"}],"predecessor-version":[{"id":894,"href":"https:\/\/oeb-vandvaerk.dk\/index.php\/wp-json\/wp\/v2\/pages\/33\/revisions\/894"}],"wp:attachment":[{"href":"https:\/\/oeb-vandvaerk.dk\/index.php\/wp-json\/wp\/v2\/media?parent=33"}],"curies":[{"name":"wp","href":"https:\/\/api.w.org\/{rel}","templated":true}]}}