{"id":88,"date":"2025-01-14T15:11:08","date_gmt":"2025-01-14T15:11:08","guid":{"rendered":"https:\/\/oeb-vandvaerk.dk\/?page_id=88"},"modified":"2025-01-17T12:51:20","modified_gmt":"2025-01-17T12:51:20","slug":"analyserapport","status":"publish","type":"page","link":"https:\/\/oeb-vandvaerk.dk\/index.php\/analyserapport\/","title":{"rendered":"Analyserapport"},"content":{"rendered":"<div data-colibri-id=\"88-c1\" class=\"style-558 style-local-88-c1 position-relative\">\n  <!---->\n  <div data-colibri-component=\"section\" data-colibri-id=\"88-c2\" id=\"custom-2\" class=\"h-section h-section-global-spacing d-flex align-items-lg-center align-items-md-center align-items-center style-568 style-local-88-c2 position-relative\">\n    <!---->\n    <!---->\n    <div class=\"h-section-grid-container h-section-boxed-container\">\n      <!---->\n      <div data-colibri-id=\"88-c3\" class=\"h-row-container gutters-row-lg-2 gutters-row-md-2 gutters-row-0 gutters-row-v-lg-2 gutters-row-v-md-2 gutters-row-v-2 style-571 style-local-88-c3 position-relative\">\n        <!---->\n        <div class=\"h-row justify-content-lg-center justify-content-md-center justify-content-center align-items-lg-stretch align-items-md-stretch align-items-stretch gutters-col-lg-2 gutters-col-md-2 gutters-col-0 gutters-col-v-lg-2 gutters-col-v-md-2 gutters-col-v-2\">\n          <!---->\n          <div class=\"h-column h-column-container d-flex h-col-lg-auto h-col-md-auto h-col-auto style-572-outer style-local-88-c4-outer\">\n            <div data-colibri-id=\"88-c4\" class=\"d-flex h-flex-basis h-column__inner h-px-lg-2 h-px-md-2 h-px-2 v-inner-lg-2 v-inner-md-2 v-inner-2 style-572 style-local-88-c4 position-relative\">\n              <!---->\n              <!---->\n              <div class=\"w-100 h-y-container h-column__content h-column__v-align flex-basis-100 align-self-lg-start align-self-md-start align-self-start\">\n                <!---->\n                <div data-colibri-id=\"88-c5\" class=\"h-x-container style-573 style-local-88-c5 position-relative h-element\">\n                  <!---->\n                  <div class=\"h-x-container-inner style-dynamic-88-c5-group style-573-spacing style-local-88-c5-spacing\"><span class=\"h-button__outer style-574-outer style-local-88-c6-outer d-inline-flex h-element\"><a h-use-smooth-scroll=\"true\" href=\"https:\/\/analytech.sgs.com\/8469\/Places#\" target=\"_blank\"  data-colibri-id=\"88-c6\" class=\"d-flex w-100 align-items-center h-button justify-content-lg-center justify-content-md-center justify-content-center style-574 style-local-88-c6 position-relative\"><!----><!----> <span>\u00c5bn Analyse rapport<\/span><\/a>\n                    <\/span>\n                  <\/div>\n                <\/div>\n                <div data-colibri-id=\"88-c19\" class=\"h-text h-text-component style-577 style-local-88-c19 position-relative h-element\">\n                  <!---->\n                  <!---->\n                  <div class=\"\">\n                    <p>(\u00c5bner i nyt vindue)<\/p>\n                  <\/div>\n                <\/div>\n              <\/div>\n            <\/div>\n          <\/div>\n        <\/div>\n      <\/div>\n    <\/div>\n  <\/div>\n  <div data-colibri-component=\"section\" data-colibri-id=\"88-c7\" id=\"custom\" class=\"h-section h-section-global-spacing d-flex align-items-lg-center align-items-md-center align-items-center style-559 style-local-88-c7 position-relative\">\n    <!---->\n    <!---->\n    <div class=\"h-section-grid-container h-section-boxed-container\">\n      <!---->\n      <div data-colibri-id=\"88-c8\" class=\"h-row-container gutters-row-lg-2 gutters-row-md-2 gutters-row-0 gutters-row-v-lg-2 gutters-row-v-md-2 gutters-row-v-2 style-560 style-local-88-c8 position-relative\">\n        <!---->\n        <div class=\"h-row justify-content-lg-center justify-content-md-center justify-content-center align-items-lg-stretch align-items-md-stretch align-items-stretch gutters-col-lg-2 gutters-col-md-2 gutters-col-0 gutters-col-v-lg-2 gutters-col-v-md-2 gutters-col-v-2\">\n          <!---->\n          <div class=\"h-column h-column-container d-flex h-col-lg-auto h-col-md-auto h-col-auto style-561-outer style-local-88-c9-outer\">\n            <div data-colibri-id=\"88-c9\" class=\"d-flex h-flex-basis h-column__inner h-px-lg-2 h-px-md-2 h-px-2 v-inner-lg-2 v-inner-md-2 v-inner-2 style-561 style-local-88-c9 position-relative\">\n              <!---->\n              <!---->\n              <div class=\"w-100 h-y-container h-column__content h-column__v-align flex-basis-100 align-self-lg-start align-self-md-start align-self-start\">\n                <!---->\n                <div data-colibri-id=\"88-c10\" class=\"h-global-transition-all h-heading style-563 style-local-88-c10 position-relative h-element\">\n                  <!---->\n                  <div class=\"h-heading__outer style-563 style-local-88-c10\">\n                    <!---->\n                    <!---->\n                    <h3 class=\"\">Vandets Totale H\u00e5rdhed<\/h3>\n                  <\/div>\n                <\/div>\n                <div data-colibri-id=\"88-c11\" class=\"h-divider style-565 style-local-88-c11 position-relative h-element\">\n                  <!----><span class=\"h-divider__line style-565-line style-local-88-c11-line style-565-line style-local-88-c11-line\"><\/span><\/div>\n                <div data-colibri-id=\"88-c12\" class=\"style-567 style-local-88-c12 position-relative h-element\">\n                  <!---->\n                  <div class=\"\"><div class=\"wptb-table-container wptb-table-458\"><div class=\"wptb-table-container-matrix\" id=\"wptb-table-id-458\" data-wptb-version=\"1.6.4\" data-wptb-pro-status=\"false\"><table class=\"wptb-preview-table wptb-element-main-table_setting-458\" style=\"border-spacing: 3px 3px; border-collapse:  !important; min-width: 100%; \" data-border-spacing-columns=\"3\" data-border-spacing-rows=\"3\" data-reconstraction=\"1\" data-wptb-table-directives=\"eyJpbm5lckJvcmRlcnMiOnsiYWN0aXZlIjoiYWxsIiwiYm9yZGVyV2lkdGgiOiIiLCJib3JkZXJSYWRpdXNlcyI6eyJhbGwiOmZhbHNlfX19\" data-wptb-responsive-directives=\"eyJyZXNwb25zaXZlRW5hYmxlZCI6dHJ1ZSwicmVzcG9uc2l2ZU1vZGUiOiJhdXRvIiwicHJlc2VydmVSb3dDb2xvciI6ZmFsc2UsInJlbGF0aXZlV2lkdGgiOiJ3aW5kb3ciLCJoZWFkZXJGdWxseU1lcmdlZCI6ZmFsc2UsIm1vZGVPcHRpb25zIjp7ImF1dG8iOnsiZGlzYWJsZWQiOnsiZGVza3RvcCI6ZmFsc2UsInRhYmxldCI6ZmFsc2UsIm1vYmlsZSI6ZmFsc2V9LCJ0b3BSb3dBc0hlYWRlciI6eyJkZXNrdG9wIjpmYWxzZSwidGFibGV0Ijp0cnVlLCJtb2JpbGUiOnRydWV9LCJyZXBlYXRNZXJnZWRIZWFkZXIiOnsiZGVza3RvcCI6dHJ1ZSwidGFibGV0Ijp0cnVlLCJtb2JpbGUiOnRydWV9LCJzdGF0aWNUb3BSb3ciOnsiZGVza3RvcCI6ZmFsc2UsInRhYmxldCI6ZmFsc2UsIm1vYmlsZSI6ZmFsc2V9LCJjZWxsU3RhY2tEaXJlY3Rpb24iOnsiZGVza3RvcCI6InJvdyIsInRhYmxldCI6InJvdyIsIm1vYmlsZSI6InJvdyJ9LCJjZWxsc1BlclJvdyI6eyJkZXNrdG9wIjoxLCJ0YWJsZXQiOjIsIm1vYmlsZSI6MX19fSwiYnJlYWtwb2ludHMiOnsiZGVza3RvcCI6eyJuYW1lIjoiZGVza3RvcCIsIndpZHRoIjoxMDI0fSwidGFibGV0Ijp7Im5hbWUiOiJ0YWJsZXQiLCJ3aWR0aCI6NzAwfSwibW9iaWxlIjp7Im5hbWUiOiJtb2JpbGUiLCJ3aWR0aCI6MzAwfX19\" data-wptb-cells-width-auto-count=\"2\" data-wptb-horizontal-scroll-status=\"false\" data-wptb-extra-styles=\"LyogRW50ZXIgeW91ciBjdXN0b20gQ1NTIHJ1bGVzIGhlcmUgKi8=\" data-wptb-pro-pagination-top-row-header=\"false\" data-wptb-rows-per-page=\"10\" data-wptb-pro-search-top-row-header=\"false\" data-wptb-searchbar-position=\"left\" role=\"table\" data-table-columns=\"4\" data-wptb-table-alignment=\"center\" data-wptb-table-tds-sum-max-width=\"232\" data-wptb-header-background-color=\"#4378C6FF\"><tbody data-global-font-color=\"#000000\" data-global-link-color=\"#000000\" data-global-font-size=\"15\"><tr class=\"wptb-row \" style=\"background-color: rgb(67, 120, 198); \"><td class=\"wptb-cell \" style=\"padding: 8px; \" data-y-index=\"0\" data-x-index=\"0\" data-sorted-vertical=\"ask-disabled\" data-wptb-css-td-auto-width=\"true\" data-wptb-cell-vertical-alignment=\"center\"><div class=\"wptb-text-container wptb-ph-element wptb-element-text-597\" style=\"color: rgb(255, 255, 255); font-size: 15px; \"><div style=\"position: relative;\"><p style=\"text-align: center;\" data-mce-style=\"text-align: center;\"><strong>H&aring;rdhed, Total&nbsp;&deg; dH<\/strong><\/p>\n<\/div><\/div><\/td><td class=\"wptb-cell \" style=\"padding: 8px; \" data-y-index=\"0\" data-x-index=\"1\" data-sorted-vertical=\"ask-disabled\" data-wptb-css-td-auto-width=\"true\" data-wptb-cell-vertical-alignment=\"center\"><div class=\"wptb-text-container wptb-ph-element wptb-element-text-598\" style=\"color: rgb(255, 255, 255); font-size: 15px; \"><div style=\"position: relative;\"><p style=\"text-align: center;\" data-mce-style=\"text-align: center;\"><strong>Betegnelse<\/strong><\/p>\n<\/div><\/div><\/td><\/tr><tr class=\"wptb-row \" style=\"\"><td class=\"wptb-cell \" style=\"padding: 8px; \" data-y-index=\"1\" data-x-index=\"0\" data-wptb-css-td-auto-width=\"true\" data-wptb-cell-vertical-alignment=\"center\"><div class=\"wptb-text-container wptb-ph-element wptb-element-text-599\" style=\"color: rgb(0, 0, 0); font-size: 15px; \"><div style=\"position: relative;\"><p style=\"text-align: center;\" data-mce-style=\"text-align: center;\">0 - 4<br><\/p>\n<\/div><\/div><\/td><td class=\"wptb-cell \" style=\"padding: 8px; \" data-y-index=\"1\" data-x-index=\"1\" data-wptb-css-td-auto-width=\"true\" data-wptb-cell-vertical-alignment=\"center\"><div class=\"wptb-text-container wptb-ph-element wptb-element-text-600\" style=\"color: rgb(0, 0, 0); font-size: 15px; \"><div style=\"position: relative;\"><p style=\"text-align: center;\" data-mce-style=\"text-align: center;\">Meget bl&oslash;dt<br><\/p>\n<\/div><\/div><\/td><\/tr><tr class=\"wptb-row \" style=\"\"><td class=\"wptb-cell \" style=\"padding: 8px; \" data-y-index=\"2\" data-x-index=\"0\" data-wptb-css-td-auto-width=\"true\" data-wptb-cell-vertical-alignment=\"center\"><div class=\"wptb-text-container wptb-ph-element wptb-element-text-601\" style=\"color: rgb(0, 0, 0); font-size: 15px; \"><div style=\"position: relative;\"><p style=\"text-align: center;\" data-mce-style=\"text-align: center;\">4 - 8<br><\/p>\n<\/div><\/div><\/td><td class=\"wptb-cell \" style=\"padding: 8px; \" data-y-index=\"2\" data-x-index=\"1\" data-wptb-css-td-auto-width=\"true\" data-wptb-cell-vertical-alignment=\"center\"><div class=\"wptb-text-container wptb-ph-element wptb-element-text-602\" style=\"color: rgb(0, 0, 0); font-size: 15px; \"><div style=\"position: relative;\"><p style=\"text-align: center;\" data-mce-style=\"text-align: center;\">Bl&oslash;dt<br><\/p>\n<\/div><\/div><\/td><\/tr><tr class=\"wptb-row \" style=\"\"><td class=\"wptb-cell \" style=\"padding: 8px; \" data-y-index=\"3\" data-x-index=\"0\" data-wptb-css-td-auto-width=\"true\" data-wptb-cell-vertical-alignment=\"center\"><div class=\"wptb-text-container wptb-ph-element wptb-element-text-603\" style=\"color: rgb(0, 0, 0); font-size: 15px; \"><div style=\"position: relative;\"><p style=\"text-align: center;\" data-mce-style=\"text-align: center;\">8 - 12<\/p>\n<\/div><\/div><\/td><td class=\"wptb-cell \" style=\"padding: 8px; \" data-y-index=\"3\" data-x-index=\"1\" data-wptb-css-td-auto-width=\"true\" data-wptb-cell-vertical-alignment=\"center\"><div class=\"wptb-text-container wptb-ph-element wptb-element-text-604\" style=\"color: rgb(0, 0, 0); font-size: 15px; \"><div style=\"position: relative;\"><p style=\"text-align: center;\" data-mce-style=\"text-align: center;\">Middelh&aring;rdt<br><\/p>\n<\/div><\/div><\/td><\/tr><tr class=\"wptb-row \" style=\"\"><td class=\"wptb-cell \" style=\"padding: 8px; \" data-y-index=\"4\" data-x-index=\"0\" data-wptb-css-td-auto-width=\"true\" data-wptb-cell-vertical-alignment=\"center\"><div class=\"wptb-text-container wptb-ph-element wptb-element-text-605\" style=\"color: rgb(0, 0, 0); font-size: 15px; \"><div style=\"position: relative;\"><p style=\"text-align: center;\" data-mce-style=\"text-align: center;\">12 - 18<br><\/p>\n<\/div><\/div><\/td><td class=\"wptb-cell \" style=\"padding: 8px; \" data-y-index=\"4\" data-x-index=\"1\" data-wptb-css-td-auto-width=\"true\" data-wptb-cell-vertical-alignment=\"center\"><div class=\"wptb-text-container wptb-ph-element wptb-element-text-606\" style=\"color: rgb(0, 0, 0); font-size: 15px; \"><div style=\"position: relative;\"><p style=\"text-align: center;\" data-mce-style=\"text-align: center;\">Temmelig h&aring;rdt<br><\/p>\n<\/div><\/div><\/td><\/tr><tr class=\"wptb-row \" style=\"\"><td class=\"wptb-cell \" style=\"padding: 8px; \" data-y-index=\"5\" data-x-index=\"0\" data-wptb-css-td-auto-width=\"true\" data-wptb-cell-vertical-alignment=\"center\"><div class=\"wptb-text-container wptb-ph-element wptb-element-text-607\" style=\"color: rgb(0, 0, 0); font-size: 15px; \"><div style=\"position: relative;\"><p style=\"text-align: center;\" data-mce-style=\"text-align: center;\">18 - 30<\/p>\n<\/div><\/div><\/td><td class=\"wptb-cell \" style=\"padding: 8px; \" data-y-index=\"5\" data-x-index=\"1\" data-wptb-css-td-auto-width=\"true\" data-wptb-cell-vertical-alignment=\"center\"><div class=\"wptb-text-container wptb-ph-element wptb-element-text-608\" style=\"color: rgb(0, 0, 0); font-size: 15px; \"><div style=\"position: relative;\"><p style=\"text-align: center;\" data-mce-style=\"text-align: center;\">H&aring;rdt<\/p>\n<\/div><\/div><\/td><\/tr><tr class=\"wptb-row \" style=\"\"><td class=\"wptb-cell \" style=\"padding: 8px; \" data-y-index=\"6\" data-x-index=\"0\" data-wptb-css-td-auto-width=\"true\" data-wptb-cell-vertical-alignment=\"center\"><div class=\"wptb-text-container wptb-ph-element wptb-element-text-609\" style=\"color: rgb(0, 0, 0); font-size: 15px; \"><div style=\"position: relative;\"><p style=\"text-align: center;\" data-mce-style=\"text-align: center;\">Over 30<\/p>\n<\/div><\/div><\/td><td class=\"wptb-cell \" style=\"padding: 8px; \" data-y-index=\"6\" data-x-index=\"1\" data-wptb-css-td-auto-width=\"true\" data-wptb-cell-vertical-alignment=\"center\"><div class=\"wptb-text-container wptb-ph-element wptb-element-text-610\" style=\"color: rgb(0, 0, 0); font-size: 15px; \"><div style=\"position: relative;\"><p style=\"text-align: center;\" data-mce-style=\"text-align: center;\">Meget H&aring;rdt<\/p>\n<\/div><\/div><\/td><\/tr><\/tbody><\/table><\/div><\/div>\n<\/div>\n                <\/div>\n              <\/div>\n            <\/div>\n          <\/div>\n          <div class=\"h-column h-column-container d-flex h-col-lg-auto h-col-md-auto h-col-auto style-562-outer style-local-88-c13-outer\">\n            <div data-colibri-id=\"88-c13\" class=\"d-flex h-flex-basis h-column__inner h-px-lg-2 h-px-md-2 h-px-2 v-inner-lg-2 v-inner-md-2 v-inner-2 style-562 style-local-88-c13 position-relative\">\n              <!---->\n              <!---->\n              <div class=\"w-100 h-y-container h-column__content h-column__v-align flex-basis-100 align-self-lg-start align-self-md-start align-self-start\">\n                <!---->\n                <div data-colibri-id=\"88-c14\" class=\"h-global-transition-all h-heading style-563 style-local-88-c14 position-relative h-element\">\n                  <!---->\n                  <div class=\"h-heading__outer style-563 style-local-88-c14\">\n                    <!---->\n                    <!---->\n                    <h3 class=\"\">Vaskeanvisning<\/h3>\n                  <\/div>\n                <\/div>\n                <div data-colibri-id=\"88-c15\" class=\"h-divider style-565 style-local-88-c15 position-relative h-element\">\n                  <!----><span class=\"h-divider__line style-565-line style-local-88-c15-line style-565-line style-local-88-c15-line\"><\/span><\/div>\n                <div data-colibri-id=\"88-c16\" class=\"h-text h-text-component style-566 style-local-88-c16 position-relative h-element\">\n                  <!---->\n                  <!---->\n                  <div class=\"\">\n                    <p>Hvis en t\u00f8jvask er blevet gulbrun p\u00e5 grund af snavs i vandet efter f.eks. et ledningsbrud anbefaler Statens Husholdningsr\u00e5d f\u00f8lgende:<\/p>\n                    <p>Det misfarvede t\u00f8j l\u00e6gges i bl\u00f8d i vand tilsat 1 dl (3 breve) citronsyre pr. 10 l vand. Efter ca. \u00bd time vrides t\u00f8jet og vaskes igennem i en varm sodaopl\u00f8sning af 3 dl soda til 10 l vand. T\u00f8jet skylles og behandles som efter almindelig\n                      vask.<\/p>\n                  <\/div>\n                <\/div>\n              <\/div>\n            <\/div>\n          <\/div>\n        <\/div>\n      <\/div>\n    <\/div>\n  <\/div>\n<\/div>","protected":false},"excerpt":{"rendered":"<p>\u00c5bn Analyse rapport (\u00c5bner i nyt vindue) Vandets Totale H\u00e5rdhed Vaskeanvisning Hvis en t\u00f8jvask er blevet gulbrun p\u00e5 grund af snavs i vandet efter f.eks. et ledningsbrud anbefaler Statens Husholdningsr\u00e5d f\u00f8lgende: Det misfarvede t\u00f8j l\u00e6gges i bl\u00f8d i vand tilsat 1 dl (3 breve) citronsyre pr. 10 l vand. Efter ca. \u00bd time vrides t\u00f8jet [&hellip;]<\/p>\n","protected":false},"author":1,"featured_media":0,"parent":0,"menu_order":0,"comment_status":"closed","ping_status":"closed","template":"page-templates\/full-width-page.php","meta":{"footnotes":""},"class_list":["post-88","page","type-page","status-publish","hentry"],"_links":{"self":[{"href":"https:\/\/oeb-vandvaerk.dk\/index.php\/wp-json\/wp\/v2\/pages\/88","targetHints":{"allow":["GET"]}}],"collection":[{"href":"https:\/\/oeb-vandvaerk.dk\/index.php\/wp-json\/wp\/v2\/pages"}],"about":[{"href":"https:\/\/oeb-vandvaerk.dk\/index.php\/wp-json\/wp\/v2\/types\/page"}],"author":[{"embeddable":true,"href":"https:\/\/oeb-vandvaerk.dk\/index.php\/wp-json\/wp\/v2\/users\/1"}],"replies":[{"embeddable":true,"href":"https:\/\/oeb-vandvaerk.dk\/index.php\/wp-json\/wp\/v2\/comments?post=88"}],"version-history":[{"count":8,"href":"https:\/\/oeb-vandvaerk.dk\/index.php\/wp-json\/wp\/v2\/pages\/88\/revisions"}],"predecessor-version":[{"id":503,"href":"https:\/\/oeb-vandvaerk.dk\/index.php\/wp-json\/wp\/v2\/pages\/88\/revisions\/503"}],"wp:attachment":[{"href":"https:\/\/oeb-vandvaerk.dk\/index.php\/wp-json\/wp\/v2\/media?parent=88"}],"curies":[{"name":"wp","href":"https:\/\/api.w.org\/{rel}","templated":true}]}}