{"id":880,"date":"2025-12-16T10:52:13","date_gmt":"2025-12-16T10:52:13","guid":{"rendered":"https:\/\/oeb-vandvaerk.dk\/?page_id=880"},"modified":"2025-12-16T10:54:25","modified_gmt":"2025-12-16T10:54:25","slug":"regulativ-for-2026","status":"publish","type":"page","link":"https:\/\/oeb-vandvaerk.dk\/index.php\/regulativ-for-2026\/","title":{"rendered":"Regulativ for \u00d8ster Br\u00f8nderslev Vandv\u00e6rk &#8211; G\u00e6ldende 15. Marts 2026"},"content":{"rendered":"\n<div class=\"wp-block-file\">\n<object class=\"wp-block-file__embed\" data=\"https:\/\/oeb-vandvaerk.dk\/wp-content\/uploads\/2025\/12\/Regulativ-for-Oester-Broenderslev-Vandvaerk-Gaeldende-fra-den-15-marts-2026.pdf\" type=\"application\/pdf\" style=\"width:100%;height:1000px\" aria-label=\"Regulativ for \u00d8ster Br\u00f8nderslev Vandv\u00e6rk - G\u00e6ldende fra den 15 marts 2026\"><\/object>\n<a id=\"wp-block-file--media-de87695f-eb63-4553-aa55-b52586a55b72\" href=\"https:\/\/oeb-vandvaerk.dk\/wp-content\/uploads\/2025\/12\/Regulativ-for-Oester-Broenderslev-Vandvaerk-Gaeldende-fra-den-15-marts-2026.pdf\">Regulativ for \u00d8ster Br\u00f8nderslev Vandv\u00e6rk &#8211; G\u00e6ldende fra den 15 marts 2026<\/a>\n<\/div>\n","protected":false},"excerpt":{"rendered":"<p>Regulativ for \u00d8ster Br\u00f8nderslev Vandv\u00e6rk &#8211; G\u00e6ldende fra den 15 marts 2026<\/p>\n","protected":false},"author":1,"featured_media":0,"parent":0,"menu_order":0,"comment_status":"closed","ping_status":"closed","template":"","meta":{"footnotes":""},"class_list":["post-880","page","type-page","status-publish","hentry"],"_links":{"self":[{"href":"https:\/\/oeb-vandvaerk.dk\/index.php\/wp-json\/wp\/v2\/pages\/880","targetHints":{"allow":["GET"]}}],"collection":[{"href":"https:\/\/oeb-vandvaerk.dk\/index.php\/wp-json\/wp\/v2\/pages"}],"about":[{"href":"https:\/\/oeb-vandvaerk.dk\/index.php\/wp-json\/wp\/v2\/types\/page"}],"author":[{"embeddable":true,"href":"https:\/\/oeb-vandvaerk.dk\/index.php\/wp-json\/wp\/v2\/users\/1"}],"replies":[{"embeddable":true,"href":"https:\/\/oeb-vandvaerk.dk\/index.php\/wp-json\/wp\/v2\/comments?post=880"}],"version-history":[{"count":0,"href":"https:\/\/oeb-vandvaerk.dk\/index.php\/wp-json\/wp\/v2\/pages\/880\/revisions"}],"wp:attachment":[{"href":"https:\/\/oeb-vandvaerk.dk\/index.php\/wp-json\/wp\/v2\/media?parent=880"}],"curies":[{"name":"wp","href":"https:\/\/api.w.org\/{rel}","templated":true}]}}